{"id":3031,"date":"2025-02-27T15:35:00","date_gmt":"2025-02-27T07:35:00","guid":{"rendered":"https:\/\/shenhuexcavator.com\/?post_type=product&#038;p=3031"},"modified":"2025-07-17T15:10:11","modified_gmt":"2025-07-17T07:10:11","slug":"used-kubota-kx-155-excavator","status":"publish","type":"product","link":"https:\/\/shenhuexcavator.com\/pt\/produto\/used-kubota-kx-155-excavator\/","title":{"rendered":"Escavadeira Kubota KX-155 usada"},"content":{"rendered":"<p><img fetchpriority=\"high\" decoding=\"async\" class=\"aligncenter size-full wp-image-3032\" src=\"https:\/\/shenhuexcavator.com\/wp-content\/uploads\/2025\/02\/7c27adfdb07a5f57caed92cd02ec8d3.jpg\" alt=\"\" width=\"850\" height=\"650\"> <img decoding=\"async\" class=\"aligncenter size-full wp-image-3033\" src=\"https:\/\/shenhuexcavator.com\/wp-content\/uploads\/2025\/02\/774cbee7ddd6e5d8f967415fe4ffca4.jpg\" alt=\"\" width=\"850\" height=\"650\"> <img decoding=\"async\" class=\"aligncenter size-full wp-image-3034\" src=\"https:\/\/shenhuexcavator.com\/wp-content\/uploads\/2025\/02\/845c3873c2523f281ea84cc82badc3f.jpg\" alt=\"\" width=\"850\" height=\"650\"> <img loading=\"lazy\" decoding=\"async\" class=\"aligncenter size-full wp-image-3035\" src=\"https:\/\/shenhuexcavator.com\/wp-content\/uploads\/2025\/02\/\u5fae\u4fe1\u56fe\u7247_202111021319184.jpg\" alt=\"\" width=\"850\" height=\"650\"> <img loading=\"lazy\" decoding=\"async\" class=\"aligncenter size-full wp-image-3036\" src=\"https:\/\/shenhuexcavator.com\/wp-content\/uploads\/2025\/02\/\u5fae\u4fe1\u56fe\u7247_202111021319186.jpg\" alt=\"\" width=\"850\" height=\"650\"><\/p>","protected":false},"excerpt":{"rendered":"<p>A escavadeira Kubota KX-155 usada \u00e9 um passo \u00e0 frente em tamanho e pot\u00eancia, projetada para tarefas de m\u00e9dio porte. Com um peso operacional de 5190 kg e uma capacidade de ca\u00e7amba de 0,16 metros c\u00fabicos, \u00e9 ideal para opera\u00e7\u00f5es de escava\u00e7\u00e3o, eleva\u00e7\u00e3o e carregamento. Seu motor de 29,9 kW proporciona um desempenho confi\u00e1vel, enquanto seu design compacto garante uma opera\u00e7\u00e3o f\u00e1cil em espa\u00e7os confinados. O KX-155 \u00e9 particularmente adequado para canteiros de obras urbanos onde o espa\u00e7o \u00e9 limitado, mas a pot\u00eancia e a efici\u00eancia ainda s\u00e3o necess\u00e1rias,<\/p>","protected":false},"featured_media":3251,"template":"","meta":[],"product_brand":[52],"product_cat":[101,120,47],"product_tag":[],"class_list":{"0":"post-3031","1":"product","2":"type-product","3":"status-publish","4":"has-post-thumbnail","6":"product_brand-kubota","7":"product_cat-1-5t","8":"product_cat-2020-2023","9":"product_cat-used-kubota-excavator","11":"first","12":"instock","13":"shipping-taxable","14":"purchasable","15":"product-type-simple"},"_links":{"self":[{"href":"https:\/\/shenhuexcavator.com\/pt\/wp-json\/wp\/v2\/product\/3031","targetHints":{"allow":["GET"]}}],"collection":[{"href":"https:\/\/shenhuexcavator.com\/pt\/wp-json\/wp\/v2\/product"}],"about":[{"href":"https:\/\/shenhuexcavator.com\/pt\/wp-json\/wp\/v2\/types\/product"}],"wp:featuredmedia":[{"embeddable":true,"href":"https:\/\/shenhuexcavator.com\/pt\/wp-json\/wp\/v2\/media\/3251"}],"wp:attachment":[{"href":"https:\/\/shenhuexcavator.com\/pt\/wp-json\/wp\/v2\/media?parent=3031"}],"wp:term":[{"taxonomy":"product_brand","embeddable":true,"href":"https:\/\/shenhuexcavator.com\/pt\/wp-json\/wp\/v2\/product_brand?post=3031"},{"taxonomy":"product_cat","embeddable":true,"href":"https:\/\/shenhuexcavator.com\/pt\/wp-json\/wp\/v2\/product_cat?post=3031"},{"taxonomy":"product_tag","embeddable":true,"href":"https:\/\/shenhuexcavator.com\/pt\/wp-json\/wp\/v2\/product_tag?post=3031"}],"curies":[{"name":"wp","href":"https:\/\/api.w.org\/{rel}","templated":true}]}}