{"id":4208,"date":"2025-04-29T14:38:00","date_gmt":"2025-04-29T06:38:00","guid":{"rendered":"https:\/\/shenhuexcavator.com\/product\/used-kubota-kx161-excavator\/"},"modified":"2025-07-17T15:10:16","modified_gmt":"2025-07-17T07:10:16","slug":"used-kubota-kx161-excavator","status":"publish","type":"product","link":"https:\/\/shenhuexcavator.com\/pt\/produto\/used-kubota-kx161-excavator\/","title":{"rendered":"Escavadeira Kubota KX161 usada"},"content":{"rendered":"<p><img fetchpriority=\"high\" decoding=\"async\" class=\"aligncenter size-full wp-image-4372\" src=\"https:\/\/shenhuexcavator.com\/wp-content\/uploads\/2025\/04\/\u5fae\u4fe1\u56fe\u7247_202111041622158_WH_850x650px.webp\" alt=\"\" width=\"850\" height=\"650\" srcset=\"https:\/\/shenhuexcavator.com\/wp-content\/uploads\/2025\/04\/\u5fae\u4fe1\u56fe\u7247_202111041622158_WH_850x650px.webp 850w, https:\/\/shenhuexcavator.com\/wp-content\/uploads\/2025\/04\/\u5fae\u4fe1\u56fe\u7247_202111041622158_WH_850x650px-600x459.webp 600w, https:\/\/shenhuexcavator.com\/wp-content\/uploads\/2025\/04\/\u5fae\u4fe1\u56fe\u7247_202111041622158_WH_850x650px-300x229.webp 300w, https:\/\/shenhuexcavator.com\/wp-content\/uploads\/2025\/04\/\u5fae\u4fe1\u56fe\u7247_202111041622158_WH_850x650px-150x115.webp 150w, https:\/\/shenhuexcavator.com\/wp-content\/uploads\/2025\/04\/\u5fae\u4fe1\u56fe\u7247_202111041622158_WH_850x650px-768x587.webp 768w, https:\/\/shenhuexcavator.com\/wp-content\/uploads\/2025\/04\/\u5fae\u4fe1\u56fe\u7247_202111041622158_WH_850x650px-16x12.webp 16w\" sizes=\"(max-width: 850px) 100vw, 850px\" \/> <img decoding=\"async\" class=\"aligncenter size-full wp-image-4373\" src=\"https:\/\/shenhuexcavator.com\/wp-content\/uploads\/2025\/04\/\u5fae\u4fe1\u56fe\u7247_202111041622159_WH_850x650px.webp\" alt=\"\" width=\"850\" height=\"650\" srcset=\"https:\/\/shenhuexcavator.com\/wp-content\/uploads\/2025\/04\/\u5fae\u4fe1\u56fe\u7247_202111041622159_WH_850x650px.webp 850w, https:\/\/shenhuexcavator.com\/wp-content\/uploads\/2025\/04\/\u5fae\u4fe1\u56fe\u7247_202111041622159_WH_850x650px-600x459.webp 600w, https:\/\/shenhuexcavator.com\/wp-content\/uploads\/2025\/04\/\u5fae\u4fe1\u56fe\u7247_202111041622159_WH_850x650px-300x229.webp 300w, https:\/\/shenhuexcavator.com\/wp-content\/uploads\/2025\/04\/\u5fae\u4fe1\u56fe\u7247_202111041622159_WH_850x650px-150x115.webp 150w, https:\/\/shenhuexcavator.com\/wp-content\/uploads\/2025\/04\/\u5fae\u4fe1\u56fe\u7247_202111041622159_WH_850x650px-768x587.webp 768w, https:\/\/shenhuexcavator.com\/wp-content\/uploads\/2025\/04\/\u5fae\u4fe1\u56fe\u7247_202111041622159_WH_850x650px-16x12.webp 16w\" sizes=\"(max-width: 850px) 100vw, 850px\" \/> <img decoding=\"async\" class=\"aligncenter size-full wp-image-4374\" src=\"https:\/\/shenhuexcavator.com\/wp-content\/uploads\/2025\/04\/\u5fae\u4fe1\u56fe\u7247_2021110416221511_WH_850x650px.webp\" alt=\"\" width=\"850\" height=\"650\" srcset=\"https:\/\/shenhuexcavator.com\/wp-content\/uploads\/2025\/04\/\u5fae\u4fe1\u56fe\u7247_2021110416221511_WH_850x650px.webp 850w, https:\/\/shenhuexcavator.com\/wp-content\/uploads\/2025\/04\/\u5fae\u4fe1\u56fe\u7247_2021110416221511_WH_850x650px-600x459.webp 600w, https:\/\/shenhuexcavator.com\/wp-content\/uploads\/2025\/04\/\u5fae\u4fe1\u56fe\u7247_2021110416221511_WH_850x650px-300x229.webp 300w, https:\/\/shenhuexcavator.com\/wp-content\/uploads\/2025\/04\/\u5fae\u4fe1\u56fe\u7247_2021110416221511_WH_850x650px-150x115.webp 150w, https:\/\/shenhuexcavator.com\/wp-content\/uploads\/2025\/04\/\u5fae\u4fe1\u56fe\u7247_2021110416221511_WH_850x650px-768x587.webp 768w, https:\/\/shenhuexcavator.com\/wp-content\/uploads\/2025\/04\/\u5fae\u4fe1\u56fe\u7247_2021110416221511_WH_850x650px-16x12.webp 16w\" sizes=\"(max-width: 850px) 100vw, 850px\" \/> <img loading=\"lazy\" decoding=\"async\" class=\"aligncenter size-full wp-image-4375\" src=\"https:\/\/shenhuexcavator.com\/wp-content\/uploads\/2025\/04\/\u5fae\u4fe1\u56fe\u7247_2021110416221512_WH_850x650px.webp\" alt=\"\" width=\"850\" height=\"650\" srcset=\"https:\/\/shenhuexcavator.com\/wp-content\/uploads\/2025\/04\/\u5fae\u4fe1\u56fe\u7247_2021110416221512_WH_850x650px.webp 850w, https:\/\/shenhuexcavator.com\/wp-content\/uploads\/2025\/04\/\u5fae\u4fe1\u56fe\u7247_2021110416221512_WH_850x650px-600x459.webp 600w, https:\/\/shenhuexcavator.com\/wp-content\/uploads\/2025\/04\/\u5fae\u4fe1\u56fe\u7247_2021110416221512_WH_850x650px-300x229.webp 300w, https:\/\/shenhuexcavator.com\/wp-content\/uploads\/2025\/04\/\u5fae\u4fe1\u56fe\u7247_2021110416221512_WH_850x650px-150x115.webp 150w, https:\/\/shenhuexcavator.com\/wp-content\/uploads\/2025\/04\/\u5fae\u4fe1\u56fe\u7247_2021110416221512_WH_850x650px-768x587.webp 768w, https:\/\/shenhuexcavator.com\/wp-content\/uploads\/2025\/04\/\u5fae\u4fe1\u56fe\u7247_2021110416221512_WH_850x650px-16x12.webp 16w\" sizes=\"(max-width: 850px) 100vw, 850px\" \/> <img loading=\"lazy\" decoding=\"async\" class=\"aligncenter size-full wp-image-4376\" src=\"https:\/\/shenhuexcavator.com\/wp-content\/uploads\/2025\/04\/\u5fae\u4fe1\u56fe\u7247_2021110416221513_WH_850x650px.webp\" alt=\"\" width=\"850\" height=\"650\" srcset=\"https:\/\/shenhuexcavator.com\/wp-content\/uploads\/2025\/04\/\u5fae\u4fe1\u56fe\u7247_2021110416221513_WH_850x650px.webp 850w, https:\/\/shenhuexcavator.com\/wp-content\/uploads\/2025\/04\/\u5fae\u4fe1\u56fe\u7247_2021110416221513_WH_850x650px-600x459.webp 600w, https:\/\/shenhuexcavator.com\/wp-content\/uploads\/2025\/04\/\u5fae\u4fe1\u56fe\u7247_2021110416221513_WH_850x650px-300x229.webp 300w, https:\/\/shenhuexcavator.com\/wp-content\/uploads\/2025\/04\/\u5fae\u4fe1\u56fe\u7247_2021110416221513_WH_850x650px-150x115.webp 150w, https:\/\/shenhuexcavator.com\/wp-content\/uploads\/2025\/04\/\u5fae\u4fe1\u56fe\u7247_2021110416221513_WH_850x650px-768x587.webp 768w, https:\/\/shenhuexcavator.com\/wp-content\/uploads\/2025\/04\/\u5fae\u4fe1\u56fe\u7247_2021110416221513_WH_850x650px-16x12.webp 16w\" sizes=\"(max-width: 850px) 100vw, 850px\" \/><\/p>","protected":false},"excerpt":{"rendered":"<p>\"A Kubota KX161 usada \u00e9 uma escavadeira da classe de 6 toneladas que oferece uma combina\u00e7\u00e3o de pot\u00eancia e capacidade de manobra. Seu motor de 48,6 HP proporciona grandes for\u00e7as de escava\u00e7\u00e3o (ca\u00e7amba de 38 kN, bra\u00e7o de 26 kN), o que a torna capaz de realizar tarefas de m\u00e9dio porte, como abertura de valas e trabalhos de funda\u00e7\u00e3o. A KX161 possui uma cabine espa\u00e7osa e com isolamento ac\u00fastico, com controles intuitivos por joystick e uma c\u00e2mera de vis\u00e3o traseira (nos modelos mais recentes). As unidades usadas geralmente apresentam desgaste no material rodante (especialmente nos elos da esteira e nos roletes), mas se beneficiam dos componentes de f\u00e1cil manuten\u00e7\u00e3o da Kubota. Com uma profundidade de escava\u00e7\u00e3o de 4,1 m e uma capacidade de ca\u00e7amba de at\u00e9 0,28 m\u00b3, \u00e9 popular na agricultura e na manuten\u00e7\u00e3o de estradas. Os compradores devem inspecionar as veda\u00e7\u00f5es do motor de giro e o bloco da v\u00e1lvula hidr\u00e1ulica quanto a vazamentos. Exemplares bem conservados com 4.000 a 8.000 horas ainda podem oferecer anos de servi\u00e7o, especialmente se os intervalos de manuten\u00e7\u00e3o especificados pela f\u00e1brica forem seguidos.\"<\/p>","protected":false},"featured_media":4377,"template":"","meta":[],"product_brand":[52],"product_cat":[103,120,47],"product_tag":[],"class_list":{"0":"post-4208","1":"product","2":"type-product","3":"status-publish","4":"has-post-thumbnail","6":"product_brand-kubota","7":"product_cat-1-6t","8":"product_cat-2020-2023","9":"product_cat-used-kubota-excavator","11":"first","12":"instock","13":"shipping-taxable","14":"purchasable","15":"product-type-simple"},"_links":{"self":[{"href":"https:\/\/shenhuexcavator.com\/pt\/wp-json\/wp\/v2\/product\/4208","targetHints":{"allow":["GET"]}}],"collection":[{"href":"https:\/\/shenhuexcavator.com\/pt\/wp-json\/wp\/v2\/product"}],"about":[{"href":"https:\/\/shenhuexcavator.com\/pt\/wp-json\/wp\/v2\/types\/product"}],"wp:featuredmedia":[{"embeddable":true,"href":"https:\/\/shenhuexcavator.com\/pt\/wp-json\/wp\/v2\/media\/4377"}],"wp:attachment":[{"href":"https:\/\/shenhuexcavator.com\/pt\/wp-json\/wp\/v2\/media?parent=4208"}],"wp:term":[{"taxonomy":"product_brand","embeddable":true,"href":"https:\/\/shenhuexcavator.com\/pt\/wp-json\/wp\/v2\/product_brand?post=4208"},{"taxonomy":"product_cat","embeddable":true,"href":"https:\/\/shenhuexcavator.com\/pt\/wp-json\/wp\/v2\/product_cat?post=4208"},{"taxonomy":"product_tag","embeddable":true,"href":"https:\/\/shenhuexcavator.com\/pt\/wp-json\/wp\/v2\/product_tag?post=4208"}],"curies":[{"name":"wp","href":"https:\/\/api.w.org\/{rel}","templated":true}]}}