{"id":4215,"date":"2025-04-29T14:38:00","date_gmt":"2025-04-29T06:38:00","guid":{"rendered":"https:\/\/shenhuexcavator.com\/product\/used-volvo-ec290-excavator\/"},"modified":"2025-07-17T15:10:17","modified_gmt":"2025-07-17T07:10:17","slug":"used-volvo-ec290-excavator","status":"publish","type":"product","link":"https:\/\/shenhuexcavator.com\/pt\/produto\/used-volvo-ec290-excavator\/","title":{"rendered":"Escavadeira Volvo EC290 usada"},"content":{"rendered":"<p><img fetchpriority=\"high\" decoding=\"async\" class=\"aligncenter size-full wp-image-4303\" src=\"https:\/\/shenhuexcavator.com\/wp-content\/uploads\/2025\/04\/1-2.webp\" alt=\"\" width=\"850\" height=\"650\" srcset=\"https:\/\/shenhuexcavator.com\/wp-content\/uploads\/2025\/04\/1-2.webp 850w, https:\/\/shenhuexcavator.com\/wp-content\/uploads\/2025\/04\/1-2-600x459.webp 600w, https:\/\/shenhuexcavator.com\/wp-content\/uploads\/2025\/04\/1-2-300x229.webp 300w, https:\/\/shenhuexcavator.com\/wp-content\/uploads\/2025\/04\/1-2-150x115.webp 150w, https:\/\/shenhuexcavator.com\/wp-content\/uploads\/2025\/04\/1-2-768x587.webp 768w, https:\/\/shenhuexcavator.com\/wp-content\/uploads\/2025\/04\/1-2-16x12.webp 16w\" sizes=\"(max-width: 850px) 100vw, 850px\" \/> <img decoding=\"async\" class=\"aligncenter size-full wp-image-4304\" src=\"https:\/\/shenhuexcavator.com\/wp-content\/uploads\/2025\/04\/2-1.webp\" alt=\"\" width=\"850\" height=\"650\" srcset=\"https:\/\/shenhuexcavator.com\/wp-content\/uploads\/2025\/04\/2-1.webp 850w, https:\/\/shenhuexcavator.com\/wp-content\/uploads\/2025\/04\/2-1-600x459.webp 600w, https:\/\/shenhuexcavator.com\/wp-content\/uploads\/2025\/04\/2-1-300x229.webp 300w, https:\/\/shenhuexcavator.com\/wp-content\/uploads\/2025\/04\/2-1-150x115.webp 150w, https:\/\/shenhuexcavator.com\/wp-content\/uploads\/2025\/04\/2-1-768x587.webp 768w, https:\/\/shenhuexcavator.com\/wp-content\/uploads\/2025\/04\/2-1-16x12.webp 16w\" sizes=\"(max-width: 850px) 100vw, 850px\" \/> <img decoding=\"async\" class=\"aligncenter size-full wp-image-4305\" src=\"https:\/\/shenhuexcavator.com\/wp-content\/uploads\/2025\/04\/3-3.webp\" alt=\"\" width=\"850\" height=\"650\" srcset=\"https:\/\/shenhuexcavator.com\/wp-content\/uploads\/2025\/04\/3-3.webp 850w, https:\/\/shenhuexcavator.com\/wp-content\/uploads\/2025\/04\/3-3-600x459.webp 600w, https:\/\/shenhuexcavator.com\/wp-content\/uploads\/2025\/04\/3-3-300x229.webp 300w, https:\/\/shenhuexcavator.com\/wp-content\/uploads\/2025\/04\/3-3-150x115.webp 150w, https:\/\/shenhuexcavator.com\/wp-content\/uploads\/2025\/04\/3-3-768x587.webp 768w, https:\/\/shenhuexcavator.com\/wp-content\/uploads\/2025\/04\/3-3-16x12.webp 16w\" sizes=\"(max-width: 850px) 100vw, 850px\" \/> <img loading=\"lazy\" decoding=\"async\" class=\"aligncenter size-full wp-image-4306\" src=\"https:\/\/shenhuexcavator.com\/wp-content\/uploads\/2025\/04\/4-2.webp\" alt=\"\" width=\"850\" height=\"650\" srcset=\"https:\/\/shenhuexcavator.com\/wp-content\/uploads\/2025\/04\/4-2.webp 850w, https:\/\/shenhuexcavator.com\/wp-content\/uploads\/2025\/04\/4-2-600x459.webp 600w, https:\/\/shenhuexcavator.com\/wp-content\/uploads\/2025\/04\/4-2-300x229.webp 300w, https:\/\/shenhuexcavator.com\/wp-content\/uploads\/2025\/04\/4-2-150x115.webp 150w, https:\/\/shenhuexcavator.com\/wp-content\/uploads\/2025\/04\/4-2-768x587.webp 768w, https:\/\/shenhuexcavator.com\/wp-content\/uploads\/2025\/04\/4-2-16x12.webp 16w\" sizes=\"(max-width: 850px) 100vw, 850px\" \/> <img loading=\"lazy\" decoding=\"async\" class=\"aligncenter size-full wp-image-4307\" src=\"https:\/\/shenhuexcavator.com\/wp-content\/uploads\/2025\/04\/5-2.webp\" alt=\"\" width=\"850\" height=\"650\" srcset=\"https:\/\/shenhuexcavator.com\/wp-content\/uploads\/2025\/04\/5-2.webp 850w, https:\/\/shenhuexcavator.com\/wp-content\/uploads\/2025\/04\/5-2-600x459.webp 600w, https:\/\/shenhuexcavator.com\/wp-content\/uploads\/2025\/04\/5-2-300x229.webp 300w, https:\/\/shenhuexcavator.com\/wp-content\/uploads\/2025\/04\/5-2-150x115.webp 150w, https:\/\/shenhuexcavator.com\/wp-content\/uploads\/2025\/04\/5-2-768x587.webp 768w, https:\/\/shenhuexcavator.com\/wp-content\/uploads\/2025\/04\/5-2-16x12.webp 16w\" sizes=\"(max-width: 850px) 100vw, 850px\" \/><\/p>","protected":false},"excerpt":{"rendered":"<p>\"A Volvo EC290 usada \u00e9 uma escavadeira de esteiras de 29 toneladas constru\u00edda para escava\u00e7\u00f5es pesadas com um motor de 202 HP e capacidade de eleva\u00e7\u00e3o de 15,5 toneladas. Seu fluxo hidr\u00e1ulico adapt\u00e1vel minimiza o desperd\u00edcio de energia durante opera\u00e7\u00f5es complexas. As EC290 usadas em minera\u00e7\u00e3o ou demoli\u00e7\u00e3o podem ter lan\u00e7as refor\u00e7adas, mas verifique se h\u00e1 rachaduras na estrutura. O baixo n\u00edvel de ru\u00eddo da cabine (72 dB) e o assento com suspens\u00e3o a ar aumentam o conforto do operador durante longos turnos. Os modelos com o sistema Dig Assist da Volvo (p\u00f3s-2015) s\u00e3o mais caros.\"<\/p>","protected":false},"featured_media":4308,"template":"","meta":[],"product_brand":[50],"product_cat":[120,92,44],"product_tag":[],"class_list":{"0":"post-4215","1":"product","2":"type-product","3":"status-publish","4":"has-post-thumbnail","6":"product_brand-volvo","7":"product_cat-2020-2023","8":"product_cat-29t","9":"product_cat-used-volvo-excavator","11":"first","12":"instock","13":"shipping-taxable","14":"purchasable","15":"product-type-simple"},"_links":{"self":[{"href":"https:\/\/shenhuexcavator.com\/pt\/wp-json\/wp\/v2\/product\/4215","targetHints":{"allow":["GET"]}}],"collection":[{"href":"https:\/\/shenhuexcavator.com\/pt\/wp-json\/wp\/v2\/product"}],"about":[{"href":"https:\/\/shenhuexcavator.com\/pt\/wp-json\/wp\/v2\/types\/product"}],"wp:featuredmedia":[{"embeddable":true,"href":"https:\/\/shenhuexcavator.com\/pt\/wp-json\/wp\/v2\/media\/4308"}],"wp:attachment":[{"href":"https:\/\/shenhuexcavator.com\/pt\/wp-json\/wp\/v2\/media?parent=4215"}],"wp:term":[{"taxonomy":"product_brand","embeddable":true,"href":"https:\/\/shenhuexcavator.com\/pt\/wp-json\/wp\/v2\/product_brand?post=4215"},{"taxonomy":"product_cat","embeddable":true,"href":"https:\/\/shenhuexcavator.com\/pt\/wp-json\/wp\/v2\/product_cat?post=4215"},{"taxonomy":"product_tag","embeddable":true,"href":"https:\/\/shenhuexcavator.com\/pt\/wp-json\/wp\/v2\/product_tag?post=4215"}],"curies":[{"name":"wp","href":"https:\/\/api.w.org\/{rel}","templated":true}]}}