{"id":4224,"date":"2025-04-29T14:38:00","date_gmt":"2025-04-29T06:38:00","guid":{"rendered":"https:\/\/shenhuexcavator.com\/product\/used-hyundai-r210-7-excavator\/"},"modified":"2025-07-17T15:10:22","modified_gmt":"2025-07-17T07:10:22","slug":"used-hyundai-r210-7-excavator","status":"publish","type":"product","link":"https:\/\/shenhuexcavator.com\/pt\/produto\/used-hyundai-r210-7-excavator\/","title":{"rendered":"Escavadeira Hyundai R210-7 usada"},"content":{"rendered":"<p><img fetchpriority=\"high\" decoding=\"async\" class=\"aligncenter size-full wp-image-4263\" src=\"https:\/\/shenhuexcavator.com\/wp-content\/uploads\/2025\/04\/6c4a7741631799cdd8a97f7d672050e_WH_850x650px.webp\" alt=\"\" width=\"850\" height=\"650\" srcset=\"https:\/\/shenhuexcavator.com\/wp-content\/uploads\/2025\/04\/6c4a7741631799cdd8a97f7d672050e_WH_850x650px.webp 850w, https:\/\/shenhuexcavator.com\/wp-content\/uploads\/2025\/04\/6c4a7741631799cdd8a97f7d672050e_WH_850x650px-600x459.webp 600w, https:\/\/shenhuexcavator.com\/wp-content\/uploads\/2025\/04\/6c4a7741631799cdd8a97f7d672050e_WH_850x650px-300x229.webp 300w, https:\/\/shenhuexcavator.com\/wp-content\/uploads\/2025\/04\/6c4a7741631799cdd8a97f7d672050e_WH_850x650px-150x115.webp 150w, https:\/\/shenhuexcavator.com\/wp-content\/uploads\/2025\/04\/6c4a7741631799cdd8a97f7d672050e_WH_850x650px-768x587.webp 768w, https:\/\/shenhuexcavator.com\/wp-content\/uploads\/2025\/04\/6c4a7741631799cdd8a97f7d672050e_WH_850x650px-16x12.webp 16w\" sizes=\"(max-width: 850px) 100vw, 850px\" \/> <img decoding=\"async\" class=\"aligncenter size-full wp-image-4264\" src=\"https:\/\/shenhuexcavator.com\/wp-content\/uploads\/2025\/04\/8a1f0815aa4c812958792bb1ea451cc_WH_850x650px.webp\" alt=\"\" width=\"850\" height=\"650\" srcset=\"https:\/\/shenhuexcavator.com\/wp-content\/uploads\/2025\/04\/8a1f0815aa4c812958792bb1ea451cc_WH_850x650px.webp 850w, https:\/\/shenhuexcavator.com\/wp-content\/uploads\/2025\/04\/8a1f0815aa4c812958792bb1ea451cc_WH_850x650px-600x459.webp 600w, https:\/\/shenhuexcavator.com\/wp-content\/uploads\/2025\/04\/8a1f0815aa4c812958792bb1ea451cc_WH_850x650px-300x229.webp 300w, https:\/\/shenhuexcavator.com\/wp-content\/uploads\/2025\/04\/8a1f0815aa4c812958792bb1ea451cc_WH_850x650px-150x115.webp 150w, https:\/\/shenhuexcavator.com\/wp-content\/uploads\/2025\/04\/8a1f0815aa4c812958792bb1ea451cc_WH_850x650px-768x587.webp 768w, https:\/\/shenhuexcavator.com\/wp-content\/uploads\/2025\/04\/8a1f0815aa4c812958792bb1ea451cc_WH_850x650px-16x12.webp 16w\" sizes=\"(max-width: 850px) 100vw, 850px\" \/> <img decoding=\"async\" class=\"aligncenter size-full wp-image-4265\" src=\"https:\/\/shenhuexcavator.com\/wp-content\/uploads\/2025\/04\/17ea70676e5002818204ca242b63e10_WH_850x650px.webp\" alt=\"\" width=\"850\" height=\"650\" srcset=\"https:\/\/shenhuexcavator.com\/wp-content\/uploads\/2025\/04\/17ea70676e5002818204ca242b63e10_WH_850x650px.webp 850w, https:\/\/shenhuexcavator.com\/wp-content\/uploads\/2025\/04\/17ea70676e5002818204ca242b63e10_WH_850x650px-600x459.webp 600w, https:\/\/shenhuexcavator.com\/wp-content\/uploads\/2025\/04\/17ea70676e5002818204ca242b63e10_WH_850x650px-300x229.webp 300w, https:\/\/shenhuexcavator.com\/wp-content\/uploads\/2025\/04\/17ea70676e5002818204ca242b63e10_WH_850x650px-150x115.webp 150w, https:\/\/shenhuexcavator.com\/wp-content\/uploads\/2025\/04\/17ea70676e5002818204ca242b63e10_WH_850x650px-768x587.webp 768w, https:\/\/shenhuexcavator.com\/wp-content\/uploads\/2025\/04\/17ea70676e5002818204ca242b63e10_WH_850x650px-16x12.webp 16w\" sizes=\"(max-width: 850px) 100vw, 850px\" \/> <img loading=\"lazy\" decoding=\"async\" class=\"aligncenter size-full wp-image-4266\" src=\"https:\/\/shenhuexcavator.com\/wp-content\/uploads\/2025\/04\/22fb74dfc712a4979f3c44a5056b47f_WH_850x650px.webp\" alt=\"\" width=\"850\" height=\"650\" srcset=\"https:\/\/shenhuexcavator.com\/wp-content\/uploads\/2025\/04\/22fb74dfc712a4979f3c44a5056b47f_WH_850x650px.webp 850w, https:\/\/shenhuexcavator.com\/wp-content\/uploads\/2025\/04\/22fb74dfc712a4979f3c44a5056b47f_WH_850x650px-600x459.webp 600w, https:\/\/shenhuexcavator.com\/wp-content\/uploads\/2025\/04\/22fb74dfc712a4979f3c44a5056b47f_WH_850x650px-300x229.webp 300w, https:\/\/shenhuexcavator.com\/wp-content\/uploads\/2025\/04\/22fb74dfc712a4979f3c44a5056b47f_WH_850x650px-150x115.webp 150w, https:\/\/shenhuexcavator.com\/wp-content\/uploads\/2025\/04\/22fb74dfc712a4979f3c44a5056b47f_WH_850x650px-768x587.webp 768w, https:\/\/shenhuexcavator.com\/wp-content\/uploads\/2025\/04\/22fb74dfc712a4979f3c44a5056b47f_WH_850x650px-16x12.webp 16w\" sizes=\"(max-width: 850px) 100vw, 850px\" \/><\/p>","protected":false},"excerpt":{"rendered":"<p>\"A Hyundai R210-7 usada \u00e9 uma escavadeira da classe de 21 toneladas que oferece fortes for\u00e7as de escava\u00e7\u00e3o (ca\u00e7amba de 148 kN) por meio de seu motor de 162 HP. A s\u00e9rie -7 melhorou o resfriamento e a filtragem hidr\u00e1ulica em rela\u00e7\u00e3o aos modelos anteriores. Verifique se h\u00e1 vazamentos de \u00f3leo ao redor do motor de giro e rodas intermedi\u00e1rias desgastadas. A profundidade de escava\u00e7\u00e3o de 7,2 m do R210-7 atende \u00e0 maioria das tarefas gerais de constru\u00e7\u00e3o. Os controles piloto reduzem a fadiga do operador.\"<\/p>","protected":false},"featured_media":4267,"template":"","meta":[],"product_brand":[55],"product_cat":[120,78,46],"product_tag":[],"class_list":{"0":"post-4224","1":"product","2":"type-product","3":"status-publish","4":"has-post-thumbnail","6":"product_brand-hyundai","7":"product_cat-2020-2023","8":"product_cat-21t","9":"product_cat-used-hyundai-excavator","11":"first","12":"instock","13":"shipping-taxable","14":"purchasable","15":"product-type-simple"},"_links":{"self":[{"href":"https:\/\/shenhuexcavator.com\/pt\/wp-json\/wp\/v2\/product\/4224","targetHints":{"allow":["GET"]}}],"collection":[{"href":"https:\/\/shenhuexcavator.com\/pt\/wp-json\/wp\/v2\/product"}],"about":[{"href":"https:\/\/shenhuexcavator.com\/pt\/wp-json\/wp\/v2\/types\/product"}],"wp:featuredmedia":[{"embeddable":true,"href":"https:\/\/shenhuexcavator.com\/pt\/wp-json\/wp\/v2\/media\/4267"}],"wp:attachment":[{"href":"https:\/\/shenhuexcavator.com\/pt\/wp-json\/wp\/v2\/media?parent=4224"}],"wp:term":[{"taxonomy":"product_brand","embeddable":true,"href":"https:\/\/shenhuexcavator.com\/pt\/wp-json\/wp\/v2\/product_brand?post=4224"},{"taxonomy":"product_cat","embeddable":true,"href":"https:\/\/shenhuexcavator.com\/pt\/wp-json\/wp\/v2\/product_cat?post=4224"},{"taxonomy":"product_tag","embeddable":true,"href":"https:\/\/shenhuexcavator.com\/pt\/wp-json\/wp\/v2\/product_tag?post=4224"}],"curies":[{"name":"wp","href":"https:\/\/api.w.org\/{rel}","templated":true}]}}