{"id":4471,"date":"2025-04-30T15:21:00","date_gmt":"2025-04-30T07:21:00","guid":{"rendered":"https:\/\/shenhuexcavator.com\/?post_type=product&#038;p=4471"},"modified":"2025-07-17T15:10:23","modified_gmt":"2025-07-17T07:10:23","slug":"used-sany-sy365c-excavator","status":"publish","type":"product","link":"https:\/\/shenhuexcavator.com\/pt\/produto\/used-sany-sy365c-excavator\/","title":{"rendered":"Escavadeira Sany SY365C usada"},"content":{"rendered":"<p><img fetchpriority=\"high\" decoding=\"async\" class=\"aligncenter size-full wp-image-4522\" src=\"https:\/\/shenhuexcavator.com\/wp-content\/uploads\/2025\/04\/1-4_WH_850x650px-5.webp\" alt=\"\" width=\"850\" height=\"650\" srcset=\"https:\/\/shenhuexcavator.com\/wp-content\/uploads\/2025\/04\/1-4_WH_850x650px-5.webp 850w, https:\/\/shenhuexcavator.com\/wp-content\/uploads\/2025\/04\/1-4_WH_850x650px-5-600x459.webp 600w, https:\/\/shenhuexcavator.com\/wp-content\/uploads\/2025\/04\/1-4_WH_850x650px-5-300x229.webp 300w, https:\/\/shenhuexcavator.com\/wp-content\/uploads\/2025\/04\/1-4_WH_850x650px-5-150x115.webp 150w, https:\/\/shenhuexcavator.com\/wp-content\/uploads\/2025\/04\/1-4_WH_850x650px-5-768x587.webp 768w, https:\/\/shenhuexcavator.com\/wp-content\/uploads\/2025\/04\/1-4_WH_850x650px-5-16x12.webp 16w\" sizes=\"(max-width: 850px) 100vw, 850px\" \/> <img decoding=\"async\" class=\"aligncenter size-full wp-image-4523\" src=\"https:\/\/shenhuexcavator.com\/wp-content\/uploads\/2025\/04\/1-5_WH_850x650px-3.webp\" alt=\"\" width=\"850\" height=\"650\" srcset=\"https:\/\/shenhuexcavator.com\/wp-content\/uploads\/2025\/04\/1-5_WH_850x650px-3.webp 850w, https:\/\/shenhuexcavator.com\/wp-content\/uploads\/2025\/04\/1-5_WH_850x650px-3-600x459.webp 600w, https:\/\/shenhuexcavator.com\/wp-content\/uploads\/2025\/04\/1-5_WH_850x650px-3-300x229.webp 300w, https:\/\/shenhuexcavator.com\/wp-content\/uploads\/2025\/04\/1-5_WH_850x650px-3-150x115.webp 150w, https:\/\/shenhuexcavator.com\/wp-content\/uploads\/2025\/04\/1-5_WH_850x650px-3-768x587.webp 768w, https:\/\/shenhuexcavator.com\/wp-content\/uploads\/2025\/04\/1-5_WH_850x650px-3-16x12.webp 16w\" sizes=\"(max-width: 850px) 100vw, 850px\" \/> <img decoding=\"async\" class=\"aligncenter size-full wp-image-4524\" src=\"https:\/\/shenhuexcavator.com\/wp-content\/uploads\/2025\/04\/1-7_WH_850x650px-2.webp\" alt=\"\" width=\"850\" height=\"650\" srcset=\"https:\/\/shenhuexcavator.com\/wp-content\/uploads\/2025\/04\/1-7_WH_850x650px-2.webp 850w, https:\/\/shenhuexcavator.com\/wp-content\/uploads\/2025\/04\/1-7_WH_850x650px-2-600x459.webp 600w, https:\/\/shenhuexcavator.com\/wp-content\/uploads\/2025\/04\/1-7_WH_850x650px-2-300x229.webp 300w, https:\/\/shenhuexcavator.com\/wp-content\/uploads\/2025\/04\/1-7_WH_850x650px-2-150x115.webp 150w, https:\/\/shenhuexcavator.com\/wp-content\/uploads\/2025\/04\/1-7_WH_850x650px-2-768x587.webp 768w, https:\/\/shenhuexcavator.com\/wp-content\/uploads\/2025\/04\/1-7_WH_850x650px-2-16x12.webp 16w\" sizes=\"(max-width: 850px) 100vw, 850px\" \/> <img loading=\"lazy\" decoding=\"async\" class=\"aligncenter size-full wp-image-4525\" src=\"https:\/\/shenhuexcavator.com\/wp-content\/uploads\/2025\/04\/16339338031_WH_850x650px.webp\" alt=\"\" width=\"850\" height=\"650\" srcset=\"https:\/\/shenhuexcavator.com\/wp-content\/uploads\/2025\/04\/16339338031_WH_850x650px.webp 850w, https:\/\/shenhuexcavator.com\/wp-content\/uploads\/2025\/04\/16339338031_WH_850x650px-600x459.webp 600w, https:\/\/shenhuexcavator.com\/wp-content\/uploads\/2025\/04\/16339338031_WH_850x650px-300x229.webp 300w, https:\/\/shenhuexcavator.com\/wp-content\/uploads\/2025\/04\/16339338031_WH_850x650px-150x115.webp 150w, https:\/\/shenhuexcavator.com\/wp-content\/uploads\/2025\/04\/16339338031_WH_850x650px-768x587.webp 768w, https:\/\/shenhuexcavator.com\/wp-content\/uploads\/2025\/04\/16339338031_WH_850x650px-16x12.webp 16w\" sizes=\"(max-width: 850px) 100vw, 850px\" \/> <img loading=\"lazy\" decoding=\"async\" class=\"aligncenter size-full wp-image-4526\" src=\"https:\/\/shenhuexcavator.com\/wp-content\/uploads\/2025\/04\/16339338231_WH_850x650px.webp\" alt=\"\" width=\"850\" height=\"650\" srcset=\"https:\/\/shenhuexcavator.com\/wp-content\/uploads\/2025\/04\/16339338231_WH_850x650px.webp 850w, https:\/\/shenhuexcavator.com\/wp-content\/uploads\/2025\/04\/16339338231_WH_850x650px-600x459.webp 600w, https:\/\/shenhuexcavator.com\/wp-content\/uploads\/2025\/04\/16339338231_WH_850x650px-300x229.webp 300w, https:\/\/shenhuexcavator.com\/wp-content\/uploads\/2025\/04\/16339338231_WH_850x650px-150x115.webp 150w, https:\/\/shenhuexcavator.com\/wp-content\/uploads\/2025\/04\/16339338231_WH_850x650px-768x587.webp 768w, https:\/\/shenhuexcavator.com\/wp-content\/uploads\/2025\/04\/16339338231_WH_850x650px-16x12.webp 16w\" sizes=\"(max-width: 850px) 100vw, 850px\" \/><\/p>","protected":false},"excerpt":{"rendered":"<p>\"Escavadeira Sany SY365C usada, uma escavadeira grande de 36 toneladas constru\u00edda para aplica\u00e7\u00f5es pesadas de terraplenagem e minera\u00e7\u00e3o. A SY365C \u00e9 alimentada por um motor de 212 kW que oferece capacidades excepcionais de escava\u00e7\u00e3o e eleva\u00e7\u00e3o. Seu material rodante para servi\u00e7os pesados foi projetado para m\u00e1xima durabilidade em condi\u00e7\u00f5es dif\u00edceis. A m\u00e1quina possui sistemas hidr\u00e1ulicos avan\u00e7ados para uma opera\u00e7\u00e3o eficiente. As unidades usadas devem ser inspecionadas minuciosamente quanto ao desgaste de todos os principais componentes, com aten\u00e7\u00e3o especial ao rolamento de giro e aos comandos finais.\"<\/p>","protected":false},"featured_media":4527,"template":"","meta":[],"product_brand":[37],"product_cat":[120,86,38],"product_tag":[],"class_list":{"0":"post-4471","1":"product","2":"type-product","3":"status-publish","4":"has-post-thumbnail","6":"product_brand-sany","7":"product_cat-2020-2023","8":"product_cat-36t","9":"product_cat-used-sany-excavator","11":"first","12":"instock","13":"shipping-taxable","14":"purchasable","15":"product-type-simple"},"_links":{"self":[{"href":"https:\/\/shenhuexcavator.com\/pt\/wp-json\/wp\/v2\/product\/4471","targetHints":{"allow":["GET"]}}],"collection":[{"href":"https:\/\/shenhuexcavator.com\/pt\/wp-json\/wp\/v2\/product"}],"about":[{"href":"https:\/\/shenhuexcavator.com\/pt\/wp-json\/wp\/v2\/types\/product"}],"wp:featuredmedia":[{"embeddable":true,"href":"https:\/\/shenhuexcavator.com\/pt\/wp-json\/wp\/v2\/media\/4527"}],"wp:attachment":[{"href":"https:\/\/shenhuexcavator.com\/pt\/wp-json\/wp\/v2\/media?parent=4471"}],"wp:term":[{"taxonomy":"product_brand","embeddable":true,"href":"https:\/\/shenhuexcavator.com\/pt\/wp-json\/wp\/v2\/product_brand?post=4471"},{"taxonomy":"product_cat","embeddable":true,"href":"https:\/\/shenhuexcavator.com\/pt\/wp-json\/wp\/v2\/product_cat?post=4471"},{"taxonomy":"product_tag","embeddable":true,"href":"https:\/\/shenhuexcavator.com\/pt\/wp-json\/wp\/v2\/product_tag?post=4471"}],"curies":[{"name":"wp","href":"https:\/\/api.w.org\/{rel}","templated":true}]}}