{"id":4472,"date":"2025-04-30T15:21:00","date_gmt":"2025-04-30T07:21:00","guid":{"rendered":"https:\/\/shenhuexcavator.com\/?post_type=product&#038;p=4472"},"modified":"2025-07-17T15:10:23","modified_gmt":"2025-07-17T07:10:23","slug":"used-kubota-kx185-3-excavator","status":"publish","type":"product","link":"https:\/\/shenhuexcavator.com\/pt\/produto\/used-kubota-kx185-3-excavator\/","title":{"rendered":"Escavadeira Kubota KX185-3 usada"},"content":{"rendered":"<p><img fetchpriority=\"high\" decoding=\"async\" class=\"aligncenter size-full wp-image-4533\" src=\"https:\/\/shenhuexcavator.com\/wp-content\/uploads\/2025\/04\/\u5fae\u4fe1\u56fe\u7247_20231016121152_WH_850x650px.webp\" alt=\"\" width=\"850\" height=\"650\" srcset=\"https:\/\/shenhuexcavator.com\/wp-content\/uploads\/2025\/04\/\u5fae\u4fe1\u56fe\u7247_20231016121152_WH_850x650px.webp 850w, https:\/\/shenhuexcavator.com\/wp-content\/uploads\/2025\/04\/\u5fae\u4fe1\u56fe\u7247_20231016121152_WH_850x650px-600x459.webp 600w, https:\/\/shenhuexcavator.com\/wp-content\/uploads\/2025\/04\/\u5fae\u4fe1\u56fe\u7247_20231016121152_WH_850x650px-300x229.webp 300w, https:\/\/shenhuexcavator.com\/wp-content\/uploads\/2025\/04\/\u5fae\u4fe1\u56fe\u7247_20231016121152_WH_850x650px-150x115.webp 150w, https:\/\/shenhuexcavator.com\/wp-content\/uploads\/2025\/04\/\u5fae\u4fe1\u56fe\u7247_20231016121152_WH_850x650px-768x587.webp 768w, https:\/\/shenhuexcavator.com\/wp-content\/uploads\/2025\/04\/\u5fae\u4fe1\u56fe\u7247_20231016121152_WH_850x650px-16x12.webp 16w\" sizes=\"(max-width: 850px) 100vw, 850px\" \/> <img decoding=\"async\" class=\"aligncenter size-full wp-image-4534\" src=\"https:\/\/shenhuexcavator.com\/wp-content\/uploads\/2025\/04\/\u5fae\u4fe1\u56fe\u7247_20231016121642_WH_850x650px.webp\" alt=\"\" width=\"850\" height=\"650\" srcset=\"https:\/\/shenhuexcavator.com\/wp-content\/uploads\/2025\/04\/\u5fae\u4fe1\u56fe\u7247_20231016121642_WH_850x650px.webp 850w, https:\/\/shenhuexcavator.com\/wp-content\/uploads\/2025\/04\/\u5fae\u4fe1\u56fe\u7247_20231016121642_WH_850x650px-600x459.webp 600w, https:\/\/shenhuexcavator.com\/wp-content\/uploads\/2025\/04\/\u5fae\u4fe1\u56fe\u7247_20231016121642_WH_850x650px-300x229.webp 300w, https:\/\/shenhuexcavator.com\/wp-content\/uploads\/2025\/04\/\u5fae\u4fe1\u56fe\u7247_20231016121642_WH_850x650px-150x115.webp 150w, https:\/\/shenhuexcavator.com\/wp-content\/uploads\/2025\/04\/\u5fae\u4fe1\u56fe\u7247_20231016121642_WH_850x650px-768x587.webp 768w, https:\/\/shenhuexcavator.com\/wp-content\/uploads\/2025\/04\/\u5fae\u4fe1\u56fe\u7247_20231016121642_WH_850x650px-16x12.webp 16w\" sizes=\"(max-width: 850px) 100vw, 850px\" \/> <img decoding=\"async\" class=\"aligncenter size-full wp-image-4535\" src=\"https:\/\/shenhuexcavator.com\/wp-content\/uploads\/2025\/04\/\u5fae\u4fe1\u56fe\u7247_202310161216411_WH_850x650px.webp\" alt=\"\" width=\"850\" height=\"650\" srcset=\"https:\/\/shenhuexcavator.com\/wp-content\/uploads\/2025\/04\/\u5fae\u4fe1\u56fe\u7247_202310161216411_WH_850x650px.webp 850w, https:\/\/shenhuexcavator.com\/wp-content\/uploads\/2025\/04\/\u5fae\u4fe1\u56fe\u7247_202310161216411_WH_850x650px-600x459.webp 600w, https:\/\/shenhuexcavator.com\/wp-content\/uploads\/2025\/04\/\u5fae\u4fe1\u56fe\u7247_202310161216411_WH_850x650px-300x229.webp 300w, https:\/\/shenhuexcavator.com\/wp-content\/uploads\/2025\/04\/\u5fae\u4fe1\u56fe\u7247_202310161216411_WH_850x650px-150x115.webp 150w, https:\/\/shenhuexcavator.com\/wp-content\/uploads\/2025\/04\/\u5fae\u4fe1\u56fe\u7247_202310161216411_WH_850x650px-768x587.webp 768w, https:\/\/shenhuexcavator.com\/wp-content\/uploads\/2025\/04\/\u5fae\u4fe1\u56fe\u7247_202310161216411_WH_850x650px-16x12.webp 16w\" sizes=\"(max-width: 850px) 100vw, 850px\" \/> <img loading=\"lazy\" decoding=\"async\" class=\"aligncenter size-full wp-image-4536\" src=\"https:\/\/shenhuexcavator.com\/wp-content\/uploads\/2025\/04\/\u5fae\u4fe1\u56fe\u7247_202310161216413_WH_850x650px.webp\" alt=\"\" width=\"850\" height=\"650\" srcset=\"https:\/\/shenhuexcavator.com\/wp-content\/uploads\/2025\/04\/\u5fae\u4fe1\u56fe\u7247_202310161216413_WH_850x650px.webp 850w, https:\/\/shenhuexcavator.com\/wp-content\/uploads\/2025\/04\/\u5fae\u4fe1\u56fe\u7247_202310161216413_WH_850x650px-600x459.webp 600w, https:\/\/shenhuexcavator.com\/wp-content\/uploads\/2025\/04\/\u5fae\u4fe1\u56fe\u7247_202310161216413_WH_850x650px-300x229.webp 300w, https:\/\/shenhuexcavator.com\/wp-content\/uploads\/2025\/04\/\u5fae\u4fe1\u56fe\u7247_202310161216413_WH_850x650px-150x115.webp 150w, https:\/\/shenhuexcavator.com\/wp-content\/uploads\/2025\/04\/\u5fae\u4fe1\u56fe\u7247_202310161216413_WH_850x650px-768x587.webp 768w, https:\/\/shenhuexcavator.com\/wp-content\/uploads\/2025\/04\/\u5fae\u4fe1\u56fe\u7247_202310161216413_WH_850x650px-16x12.webp 16w\" sizes=\"(max-width: 850px) 100vw, 850px\" \/> <img loading=\"lazy\" decoding=\"async\" class=\"aligncenter size-full wp-image-4537\" src=\"https:\/\/shenhuexcavator.com\/wp-content\/uploads\/2025\/04\/\u5fae\u4fe1\u56fe\u7247_202310161216421_WH_850x650px.webp\" alt=\"\" width=\"850\" height=\"650\" srcset=\"https:\/\/shenhuexcavator.com\/wp-content\/uploads\/2025\/04\/\u5fae\u4fe1\u56fe\u7247_202310161216421_WH_850x650px.webp 850w, https:\/\/shenhuexcavator.com\/wp-content\/uploads\/2025\/04\/\u5fae\u4fe1\u56fe\u7247_202310161216421_WH_850x650px-600x459.webp 600w, https:\/\/shenhuexcavator.com\/wp-content\/uploads\/2025\/04\/\u5fae\u4fe1\u56fe\u7247_202310161216421_WH_850x650px-300x229.webp 300w, https:\/\/shenhuexcavator.com\/wp-content\/uploads\/2025\/04\/\u5fae\u4fe1\u56fe\u7247_202310161216421_WH_850x650px-150x115.webp 150w, https:\/\/shenhuexcavator.com\/wp-content\/uploads\/2025\/04\/\u5fae\u4fe1\u56fe\u7247_202310161216421_WH_850x650px-768x587.webp 768w, https:\/\/shenhuexcavator.com\/wp-content\/uploads\/2025\/04\/\u5fae\u4fe1\u56fe\u7247_202310161216421_WH_850x650px-16x12.webp 16w\" sizes=\"(max-width: 850px) 100vw, 850px\" \/><\/p>","protected":false},"excerpt":{"rendered":"<p>\"Escavadeira Kubota KX185-3 usada, uma escavadeira compacta de 7 toneladas que oferece excelente capacidade de manobra e desempenho em espa\u00e7os confinados. A KX185-3 apresenta o confi\u00e1vel motor de 49HP da Kubota e um sistema hidr\u00e1ulico avan\u00e7ado para uma opera\u00e7\u00e3o suave. Seu projeto de giro de cauda zero a torna ideal para canteiros de obras urbanos. Os modelos usados devem ser verificados quanto \u00e0 condi\u00e7\u00e3o do sistema hidr\u00e1ulico e ao desgaste do material rodante. A versatilidade da m\u00e1quina a torna popular para v\u00e1rias aplica\u00e7\u00f5es, incluindo trabalhos de paisagismo e utilit\u00e1rios.\"<\/p>","protected":false},"featured_media":4538,"template":"","meta":[],"product_brand":[52],"product_cat":[108,120,47],"product_tag":[],"class_list":{"0":"post-4472","1":"product","2":"type-product","3":"status-publish","4":"has-post-thumbnail","6":"product_brand-kubota","7":"product_cat-1-8t","8":"product_cat-2020-2023","9":"product_cat-used-kubota-excavator","11":"first","12":"instock","13":"shipping-taxable","14":"purchasable","15":"product-type-simple"},"_links":{"self":[{"href":"https:\/\/shenhuexcavator.com\/pt\/wp-json\/wp\/v2\/product\/4472","targetHints":{"allow":["GET"]}}],"collection":[{"href":"https:\/\/shenhuexcavator.com\/pt\/wp-json\/wp\/v2\/product"}],"about":[{"href":"https:\/\/shenhuexcavator.com\/pt\/wp-json\/wp\/v2\/types\/product"}],"wp:featuredmedia":[{"embeddable":true,"href":"https:\/\/shenhuexcavator.com\/pt\/wp-json\/wp\/v2\/media\/4538"}],"wp:attachment":[{"href":"https:\/\/shenhuexcavator.com\/pt\/wp-json\/wp\/v2\/media?parent=4472"}],"wp:term":[{"taxonomy":"product_brand","embeddable":true,"href":"https:\/\/shenhuexcavator.com\/pt\/wp-json\/wp\/v2\/product_brand?post=4472"},{"taxonomy":"product_cat","embeddable":true,"href":"https:\/\/shenhuexcavator.com\/pt\/wp-json\/wp\/v2\/product_cat?post=4472"},{"taxonomy":"product_tag","embeddable":true,"href":"https:\/\/shenhuexcavator.com\/pt\/wp-json\/wp\/v2\/product_tag?post=4472"}],"curies":[{"name":"wp","href":"https:\/\/api.w.org\/{rel}","templated":true}]}}