{"id":4926,"date":"2025-07-17T11:03:46","date_gmt":"2025-07-17T03:03:46","guid":{"rendered":"https:\/\/shenhuexcavator.com\/?post_type=product&#038;p=4926"},"modified":"2025-07-17T15:10:25","modified_gmt":"2025-07-17T07:10:25","slug":"used-doosan-dx225-excavator","status":"publish","type":"product","link":"https:\/\/shenhuexcavator.com\/pt\/produto\/used-doosan-dx225-excavator\/","title":{"rendered":"Escavadeira Doosan dx225 usada"},"content":{"rendered":"<h4>Escavadeira Doosan DX225 - Principais especifica\u00e7\u00f5es<\/h4>\n<ul>\n<li>Motor:\n<ul>\n<li>Modelo: Doosan DL08 (compat\u00edvel com Tier 4 Final\/Est\u00e1gio V)<\/li>\n<li>Pot\u00eancia: 129 kW (173 HP)<\/li>\n<li>Capacidade de combust\u00edvel: 400 L<\/li>\n<\/ul>\n<\/li>\n<li>Peso operacional: 24.800 kg (24,8 toneladas)<\/li>\n<li>Capacidade da ca\u00e7amba: 0,8-1,2 m\u00b3 (padr\u00e3o)<\/li>\n<li>Profundidade m\u00e1xima de escava\u00e7\u00e3o: 7,21 m (23,6 p\u00e9s)<\/li>\n<li>Alcance m\u00e1ximo: 10,2 m (33,5 p\u00e9s)<\/li>\n<li>Sistema hidr\u00e1ulico:\n<ul>\n<li>Fluxo da bomba: 2 \u00d7 212 L\/min<\/li>\n<li>Press\u00e3o do sistema: 34,3 MPa (4.975 psi)<\/li>\n<\/ul>\n<\/li>\n<li>Largura da esteira: 600 mm (padr\u00e3o) \/ 800 mm (opcional)<\/li>\n<\/ul>","protected":false},"excerpt":{"rendered":"<p>Escavadeira de esteiras Doosan DX225 usada - classe de 24,8 toneladas, motor de 129 kW (173 HP), ca\u00e7amba de 1,2 m\u00b3. Ideal para constru\u00e7\u00e3o pesada, pedreiras e terraplenagem com alta efici\u00eancia e durabilidade.<\/p>","protected":false},"featured_media":4930,"template":"","meta":[],"product_brand":[],"product_cat":[120,111,117],"product_tag":[],"class_list":{"0":"post-4926","1":"product","2":"type-product","3":"status-publish","4":"has-post-thumbnail","6":"product_cat-2020-2023","7":"product_cat-24-8t","8":"product_cat-usd-doosan-excavator-used-excavator","10":"first","11":"instock","12":"shipping-taxable","13":"purchasable","14":"product-type-simple"},"_links":{"self":[{"href":"https:\/\/shenhuexcavator.com\/pt\/wp-json\/wp\/v2\/product\/4926","targetHints":{"allow":["GET"]}}],"collection":[{"href":"https:\/\/shenhuexcavator.com\/pt\/wp-json\/wp\/v2\/product"}],"about":[{"href":"https:\/\/shenhuexcavator.com\/pt\/wp-json\/wp\/v2\/types\/product"}],"wp:featuredmedia":[{"embeddable":true,"href":"https:\/\/shenhuexcavator.com\/pt\/wp-json\/wp\/v2\/media\/4930"}],"wp:attachment":[{"href":"https:\/\/shenhuexcavator.com\/pt\/wp-json\/wp\/v2\/media?parent=4926"}],"wp:term":[{"taxonomy":"product_brand","embeddable":true,"href":"https:\/\/shenhuexcavator.com\/pt\/wp-json\/wp\/v2\/product_brand?post=4926"},{"taxonomy":"product_cat","embeddable":true,"href":"https:\/\/shenhuexcavator.com\/pt\/wp-json\/wp\/v2\/product_cat?post=4926"},{"taxonomy":"product_tag","embeddable":true,"href":"https:\/\/shenhuexcavator.com\/pt\/wp-json\/wp\/v2\/product_tag?post=4926"}],"curies":[{"name":"wp","href":"https:\/\/api.w.org\/{rel}","templated":true}]}}