{"id":4943,"date":"2025-07-17T11:18:20","date_gmt":"2025-07-17T03:18:20","guid":{"rendered":"https:\/\/shenhuexcavator.com\/?post_type=product&#038;p=4943"},"modified":"2025-07-17T15:10:25","modified_gmt":"2025-07-17T07:10:25","slug":"used-yanmar-80-excavator","status":"publish","type":"product","link":"https:\/\/shenhuexcavator.com\/pt\/produto\/used-yanmar-80-excavator\/","title":{"rendered":"Escavadeira Yanmar 80 usada"},"content":{"rendered":"<h4>Miniescavadeira Yanmar SV80-1 - Principais especifica\u00e7\u00f5es<\/h4>\n<ul>\n<li>Motor:\n<ul>\n<li>Modelo: Yanmar 4TNV98 (compat\u00edvel com Tier 4 Final)<\/li>\n<li>Pot\u00eancia: 41 kW (55 HP)<\/li>\n<li>Capacidade de combust\u00edvel: 90 L<\/li>\n<\/ul>\n<\/li>\n<li>Peso operacional: 8.000 kg (8 toneladas)<\/li>\n<li>Capacidade da ca\u00e7amba: 0,28 m\u00b3 (padr\u00e3o)<\/li>\n<li>Profundidade m\u00e1xima de escava\u00e7\u00e3o: 4,2 m (13,8 p\u00e9s)<\/li>\n<li>Alcance m\u00e1ximo: 6,7 m (22 p\u00e9s)<\/li>\n<li>Sistema hidr\u00e1ulico:\n<ul>\n<li>Fluxo da bomba: 2 \u00d7 60 L\/min<\/li>\n<li>Press\u00e3o do sistema: 24,5 MPa (3.553 psi)<\/li>\n<\/ul>\n<\/li>\n<li>Largura da esteira: 450 mm (padr\u00e3o)<\/li>\n<\/ul>","protected":false},"excerpt":{"rendered":"<p>Miniescavadeira Yanmar SV80-1 - classe de 8 toneladas, motor Yanmar de 55 HP, ca\u00e7amba de 0,28 m\u00b3. Ideal para constru\u00e7\u00e3o urbana, paisagismo e trabalhos utilit\u00e1rios com projeto de giro traseiro zero<\/p>","protected":false},"featured_media":4947,"template":"","meta":[],"product_brand":[],"product_cat":[90,120,113],"product_tag":[],"class_list":{"0":"post-4943","1":"product","2":"type-product","3":"status-publish","4":"has-post-thumbnail","6":"product_cat-8t","7":"product_cat-2020-2023","8":"product_cat-used-yanmar-excavator","10":"first","11":"instock","12":"shipping-taxable","13":"purchasable","14":"product-type-simple"},"_links":{"self":[{"href":"https:\/\/shenhuexcavator.com\/pt\/wp-json\/wp\/v2\/product\/4943","targetHints":{"allow":["GET"]}}],"collection":[{"href":"https:\/\/shenhuexcavator.com\/pt\/wp-json\/wp\/v2\/product"}],"about":[{"href":"https:\/\/shenhuexcavator.com\/pt\/wp-json\/wp\/v2\/types\/product"}],"wp:featuredmedia":[{"embeddable":true,"href":"https:\/\/shenhuexcavator.com\/pt\/wp-json\/wp\/v2\/media\/4947"}],"wp:attachment":[{"href":"https:\/\/shenhuexcavator.com\/pt\/wp-json\/wp\/v2\/media?parent=4943"}],"wp:term":[{"taxonomy":"product_brand","embeddable":true,"href":"https:\/\/shenhuexcavator.com\/pt\/wp-json\/wp\/v2\/product_brand?post=4943"},{"taxonomy":"product_cat","embeddable":true,"href":"https:\/\/shenhuexcavator.com\/pt\/wp-json\/wp\/v2\/product_cat?post=4943"},{"taxonomy":"product_tag","embeddable":true,"href":"https:\/\/shenhuexcavator.com\/pt\/wp-json\/wp\/v2\/product_tag?post=4943"}],"curies":[{"name":"wp","href":"https:\/\/api.w.org\/{rel}","templated":true}]}}