{"id":4965,"date":"2025-07-17T11:30:00","date_gmt":"2025-07-17T03:30:00","guid":{"rendered":"https:\/\/shenhuexcavator.com\/?post_type=product&#038;p=4965"},"modified":"2025-07-22T14:36:55","modified_gmt":"2025-07-22T06:36:55","slug":"used-cat-330bl-excavator","status":"publish","type":"product","link":"https:\/\/shenhuexcavator.com\/pt\/produto\/used-cat-330bl-excavator\/","title":{"rendered":"Usado Escavadeira Cat 330BL"},"content":{"rendered":"<h4>Escavadeira Cat\u00ae 330BL - Principais especifica\u00e7\u00f5es<\/h4>\n<ul>\n<li>Motor:\n<ul>\n<li>Modelo: Cat 3306 (compat\u00edvel com Tier 1)<\/li>\n<li>Pot\u00eancia: 162 kW (217 HP) a 1.800 rpm<\/li>\n<li>Capacidade de combust\u00edvel: 500 L<\/li>\n<\/ul>\n<\/li>\n<li>Peso operacional: 30.000 kg (30 toneladas)<\/li>\n<li>Capacidade da ca\u00e7amba: 1,0-1,4 m\u00b3 (padr\u00e3o)<\/li>\n<li>Profundidade m\u00e1xima de escava\u00e7\u00e3o: 7,3 m (24 p\u00e9s)<\/li>\n<li>Alcance m\u00e1ximo: 10,2 m (33,5 p\u00e9s)<\/li>\n<li>Sistema hidr\u00e1ulico:\n<ul>\n<li>Fluxo da bomba: 2 \u00d7 212 L\/min<\/li>\n<li>Press\u00e3o do sistema: 34,3 MPa (4.975 psi)<\/li>\n<\/ul>\n<\/li>\n<li>Largura da esteira: 600 mm (padr\u00e3o) \/ 800 mm (opcional)<\/li>\n<\/ul>","protected":false},"excerpt":{"rendered":"<p>Escavadeira Cat\u00ae 330BL - classe de 30 toneladas, motor de 162 kW (217 HP), ca\u00e7amba de 1,4 m\u00b3. Constru\u00edda para constru\u00e7\u00e3o pesada, pedreiras e terraplenagem em grande escala com durabilidade superior.<\/p>\n<div id=\"gtx-trans\" style=\"position: absolute; left: -93px; top: -9.50391px;\">\n<div class=\"gtx-trans-icon\"><\/div>\n<\/div>","protected":false},"featured_media":4970,"template":"","meta":[],"product_brand":[54],"product_cat":[45],"product_tag":[],"class_list":{"0":"post-4965","1":"product","2":"type-product","3":"status-publish","4":"has-post-thumbnail","6":"product_brand-caterpillar","7":"product_cat-used-caterpillar-excavator","9":"first","10":"instock","11":"shipping-taxable","12":"purchasable","13":"product-type-simple"},"_links":{"self":[{"href":"https:\/\/shenhuexcavator.com\/pt\/wp-json\/wp\/v2\/product\/4965","targetHints":{"allow":["GET"]}}],"collection":[{"href":"https:\/\/shenhuexcavator.com\/pt\/wp-json\/wp\/v2\/product"}],"about":[{"href":"https:\/\/shenhuexcavator.com\/pt\/wp-json\/wp\/v2\/types\/product"}],"wp:featuredmedia":[{"embeddable":true,"href":"https:\/\/shenhuexcavator.com\/pt\/wp-json\/wp\/v2\/media\/4970"}],"wp:attachment":[{"href":"https:\/\/shenhuexcavator.com\/pt\/wp-json\/wp\/v2\/media?parent=4965"}],"wp:term":[{"taxonomy":"product_brand","embeddable":true,"href":"https:\/\/shenhuexcavator.com\/pt\/wp-json\/wp\/v2\/product_brand?post=4965"},{"taxonomy":"product_cat","embeddable":true,"href":"https:\/\/shenhuexcavator.com\/pt\/wp-json\/wp\/v2\/product_cat?post=4965"},{"taxonomy":"product_tag","embeddable":true,"href":"https:\/\/shenhuexcavator.com\/pt\/wp-json\/wp\/v2\/product_tag?post=4965"}],"curies":[{"name":"wp","href":"https:\/\/api.w.org\/{rel}","templated":true}]}}